{"id":112,"date":"2025-12-15T16:18:38","date_gmt":"2025-12-15T15:18:38","guid":{"rendered":"https:\/\/reibas.bplaced.net\/kroatien\/?page_id=112"},"modified":"2025-12-15T16:20:42","modified_gmt":"2025-12-15T15:20:42","slug":"istrien","status":"publish","type":"page","link":"https:\/\/reibas.bplaced.net\/kroatien\/istrien\/","title":{"rendered":"Istrien"},"content":{"rendered":"\n<div class=\"wp-block-columns alignwide is-layout-flex wp-container-core-columns-is-layout-28f84493 wp-block-columns-is-layout-flex\">\n<div class=\"wp-block-column has-accent-5-background-color has-background is-layout-flow wp-block-column-is-layout-flow\">\n<div class=\"wp-block-group has-global-padding is-layout-constrained wp-block-group-is-layout-constrained\">\n<h2 class=\"wp-block-heading\">Geographische Lage<\/h2>\n\n\n\n<p><strong>Istrien<\/strong>\u00a0(<a href=\"https:\/\/de.wikipedia.org\/wiki\/Kroatische_Sprache\">kroatisch<\/a>\/<a href=\"https:\/\/de.wikipedia.org\/wiki\/Slowenische_Sprache\">slowenisch<\/a>\u00a0<strong>Istra<\/strong>,\u00a0<a href=\"https:\/\/de.wikipedia.org\/wiki\/Italienische_Sprache\">italienisch<\/a>\u00a0<strong>Istria<\/strong>,\u00a0<a href=\"https:\/\/de.wikipedia.org\/wiki\/Istriotische_Sprache\">istriotisch<\/a>\u00a0<strong>E\u00eestria<\/strong>) ist mit einer Fl\u00e4che von etwa 3500\u00a0km\u00b2 die gr\u00f6\u00dfte\u00a0<a href=\"https:\/\/de.wikipedia.org\/wiki\/Halbinsel\">Halbinsel<\/a>\u00a0an der n\u00f6rdlichen\u00a0<a href=\"https:\/\/de.wikipedia.org\/wiki\/Adriatisches_Meer\">Adria<\/a>. Sie erstreckt sich zwischen dem\u00a0<a href=\"https:\/\/de.wikipedia.org\/wiki\/Golf_von_Triest\">Golf von Triest<\/a>\u00a0und der\u00a0<a href=\"https:\/\/de.wikipedia.org\/wiki\/Kvarner-Bucht\">Kvarner-Bucht<\/a>\u00a0vor\u00a0<a href=\"https:\/\/de.wikipedia.org\/wiki\/Rijeka\">Rijeka<\/a>, im Osten reicht sie bis zur rund 1400\u00a0m hohen\u00a0<a href=\"https:\/\/de.wikipedia.org\/wiki\/U%C4%8Dka\">U\u010dka<\/a>. An der Halbinsel haben drei Staaten Anteil. Der gr\u00f6\u00dfte Fl\u00e4chenanteil befindet sich auf dem Gebiet\u00a0<a href=\"https:\/\/de.wikipedia.org\/wiki\/Kroatien\">Kroatiens<\/a>, ein kleinerer im Norden geh\u00f6rt zu\u00a0<a href=\"https:\/\/de.wikipedia.org\/wiki\/Slowenien\">Slowenien<\/a>, zu\u00a0<a href=\"https:\/\/de.wikipedia.org\/wiki\/Italien\">Italien<\/a>\u00a0geh\u00f6rt nur das Gebiet um\u00a0<a href=\"https:\/\/de.wikipedia.org\/wiki\/Muggia\">Muggia<\/a>\u00a0und dessen Umland.<\/p>\n<\/div>\n<\/div>\n\n\n\n<div class=\"wp-block-column has-accent-5-background-color has-background is-layout-flow wp-block-column-is-layout-flow\">\n<div class=\"wp-block-group has-global-padding is-layout-constrained wp-block-group-is-layout-constrained\">\n<figure class=\"wp-block-gallery has-nested-images columns-1 is-cropped wp-block-gallery-1 is-layout-flex wp-block-gallery-is-layout-flex\">\n<figure class=\"wp-block-image size-large\"><img loading=\"lazy\" decoding=\"async\" width=\"860\" height=\"484\" data-id=\"113\" src=\"https:\/\/reibas.bplaced.net\/kroatien\/wp-content\/uploads\/2025\/12\/istrien-umag-promenade.webp\" alt=\"\" class=\"wp-image-113\" srcset=\"https:\/\/reibas.bplaced.net\/kroatien\/wp-content\/uploads\/2025\/12\/istrien-umag-promenade.webp 860w, https:\/\/reibas.bplaced.net\/kroatien\/wp-content\/uploads\/2025\/12\/istrien-umag-promenade-300x169.webp 300w, https:\/\/reibas.bplaced.net\/kroatien\/wp-content\/uploads\/2025\/12\/istrien-umag-promenade-768x432.webp 768w\" sizes=\"auto, (max-width: 860px) 100vw, 860px\" \/><\/figure>\n\n\n\n<figure class=\"wp-block-image size-large\"><img loading=\"lazy\" decoding=\"async\" width=\"860\" height=\"484\" data-id=\"115\" src=\"https:\/\/reibas.bplaced.net\/kroatien\/wp-content\/uploads\/2025\/12\/istrien-2.webp\" alt=\"\" class=\"wp-image-115\" srcset=\"https:\/\/reibas.bplaced.net\/kroatien\/wp-content\/uploads\/2025\/12\/istrien-2.webp 860w, https:\/\/reibas.bplaced.net\/kroatien\/wp-content\/uploads\/2025\/12\/istrien-2-300x169.webp 300w, https:\/\/reibas.bplaced.net\/kroatien\/wp-content\/uploads\/2025\/12\/istrien-2-768x432.webp 768w\" sizes=\"auto, (max-width: 860px) 100vw, 860px\" \/><\/figure>\n<\/figure>\n<\/div>\n<\/div>\n<\/div>\n\n\n\n<p><\/p>\n","protected":false},"excerpt":{"rendered":"<p>Geographische Lage Istrien\u00a0(kroatisch\/slowenisch\u00a0Istra,\u00a0italienisch\u00a0Istria,\u00a0istriotisch\u00a0E\u00eestria) ist mit einer Fl\u00e4che von etwa 3500\u00a0km\u00b2 die gr\u00f6\u00dfte\u00a0Halbinsel\u00a0an der n\u00f6rdlichen\u00a0Adria. Sie erstreckt sich zwischen dem\u00a0Golf von Triest\u00a0und der\u00a0Kvarner-Bucht\u00a0vor\u00a0Rijeka, im Osten reicht sie bis zur rund 1400\u00a0m hohen\u00a0U\u010dka. An der Halbinsel haben drei Staaten Anteil. Der gr\u00f6\u00dfte Fl\u00e4chenanteil befindet sich auf dem Gebiet\u00a0Kroatiens, ein kleinerer im Norden geh\u00f6rt zu\u00a0Slowenien, zu\u00a0Italien\u00a0geh\u00f6rt nur das [&hellip;]<\/p>\n","protected":false},"author":1,"featured_media":81,"parent":0,"menu_order":0,"comment_status":"closed","ping_status":"closed","template":"","meta":{"footnotes":""},"class_list":["post-112","page","type-page","status-publish","has-post-thumbnail","hentry"],"_links":{"self":[{"href":"https:\/\/reibas.bplaced.net\/kroatien\/wp-json\/wp\/v2\/pages\/112","targetHints":{"allow":["GET"]}}],"collection":[{"href":"https:\/\/reibas.bplaced.net\/kroatien\/wp-json\/wp\/v2\/pages"}],"about":[{"href":"https:\/\/reibas.bplaced.net\/kroatien\/wp-json\/wp\/v2\/types\/page"}],"author":[{"embeddable":true,"href":"https:\/\/reibas.bplaced.net\/kroatien\/wp-json\/wp\/v2\/users\/1"}],"replies":[{"embeddable":true,"href":"https:\/\/reibas.bplaced.net\/kroatien\/wp-json\/wp\/v2\/comments?post=112"}],"version-history":[{"count":3,"href":"https:\/\/reibas.bplaced.net\/kroatien\/wp-json\/wp\/v2\/pages\/112\/revisions"}],"predecessor-version":[{"id":118,"href":"https:\/\/reibas.bplaced.net\/kroatien\/wp-json\/wp\/v2\/pages\/112\/revisions\/118"}],"wp:featuredmedia":[{"embeddable":true,"href":"https:\/\/reibas.bplaced.net\/kroatien\/wp-json\/wp\/v2\/media\/81"}],"wp:attachment":[{"href":"https:\/\/reibas.bplaced.net\/kroatien\/wp-json\/wp\/v2\/media?parent=112"}],"curies":[{"name":"wp","href":"https:\/\/api.w.org\/{rel}","templated":true}]}}